{"id":3478,"date":"2024-04-15T11:49:46","date_gmt":"2024-04-15T09:49:46","guid":{"rendered":"https:\/\/plenitudsocial.es\/?page_id=3478"},"modified":"2024-04-15T12:08:42","modified_gmt":"2024-04-15T10:08:42","slug":"politica-de-cookies","status":"publish","type":"page","link":"https:\/\/plenitudsocial.es\/en\/politica-de-cookies\/","title":{"rendered":"Cookie policy"},"content":{"rendered":"<p>[et_pb_section fb_built=\u00bb1&#8243; fullwidth=\u00bbon\u00bb admin_label=\u00bbHeader\u00bb _builder_version=\u00bb4.22.1&#8243; background_enable_image=\u00bboff\u00bb parallax=\u00bbon\u00bb custom_margin=\u00bb|||\u00bb custom_padding=\u00bb|||\u00bb global_colors_info=\u00bb{}\u00bb][et_pb_fullwidth_header title=\u00bbPol\u00edtica de Cookies\u00bb button_one_url=\u00bb#\u00bb button_two_url=\u00bb#\u00bb scroll_down_icon_size_tablet=\u00bb\u00bb scroll_down_icon_size_phone=\u00bb\u00bb scroll_down_icon_size_last_edited=\u00bbon|phone\u00bb _builder_version=\u00bb4.22.1&#8243; title_font=\u00bbUbuntu|700|||||||\u00bb title_font_size=\u00bb50px\u00bb title_line_height=\u00bb1.2em\u00bb content_font=\u00bb|600|||||||\u00bb content_font_size=\u00bb20px\u00bb content_line_height=\u00bb2em\u00bb background_color=\u00bbrgba(255,255,255,0)\u00bb use_background_color_gradient=\u00bbon\u00bb background_color_gradient_type=\u00bbcircular\u00bb background_color_gradient_direction_radial=\u00bbright\u00bb background_color_gradient_stops=\u00bbrgba(255,255,255,0) 0%|#ffffff 70%\u00bb background_color_gradient_start=\u00bbrgba(255,255,255,0)\u00bb background_color_gradient_end=\u00bb#ffffff\u00bb background_color_gradient_end_position=\u00bb70%\u00bb background_image=\u00bbhttp:\/\/plenitudsocial.es\/wp-content\/uploads\/2024\/04\/cleaning-services-01.png\u00bb custom_button_one=\u00bbon\u00bb button_one_text_size=\u00bb18px\u00bb button_one_text_color=\u00bb#ffffff\u00bb button_one_bg_color=\u00bb#f2835a\u00bb button_one_bg_color_gradient_direction=\u00bb90deg\u00bb button_one_bg_color_gradient_stops=\u00bb#f2835a 0%|#fab993 100%\u00bb button_one_bg_color_gradient_overlays_image=\u00bbon\u00bb button_one_bg_color_gradient_start=\u00bb#f2835a\u00bb button_one_bg_color_gradient_end=\u00bb#fab993&#8243; button_one_border_width=\u00bb10px\u00bb button_one_border_color=\u00bb#f2835a\u00bb button_one_border_radius=\u00bb0px\u00bb button_one_font=\u00bbUbuntu|700|||||||\u00bb custom_button_two=\u00bbon\u00bb button_two_text_size=\u00bb18px\u00bb button_two_text_color=\u00bb#ffffff\u00bb button_two_bg_color=\u00bb#557df3&#8243; button_two_border_width=\u00bb10px\u00bb button_two_border_color=\u00bb#557df3&#8243; button_two_border_radius=\u00bb0px\u00bb button_two_font=\u00bbUbuntu|700|||||||\u00bb background_layout=\u00bblight\u00bb custom_padding=\u00bb0vw||0vw||true|\u00bb custom_padding_tablet=\u00bb||||false\u00bb custom_padding_phone=\u00bb3vw||3vw||true\u00bb custom_padding_last_edited=\u00bbon|phone\u00bb animation_style=\u00bbfade\u00bb title_font_size_tablet=\u00bb35px\u00bb title_font_size_phone=\u00bb25px\u00bb title_font_size_last_edited=\u00bbon|phone\u00bb content_font_size_tablet=\u00bb16px\u00bb content_font_size_phone=\u00bb14px\u00bb content_font_size_last_edited=\u00bbon|phone\u00bb button_one_text_size_tablet=\u00bb\u00bb button_one_text_size_phone=\u00bb\u00bb button_one_text_size_last_edited=\u00bbon|desktop\u00bb button_one_border_radius_hover=\u00bb0px\u00bb button_two_border_radius_hover=\u00bb0px\u00bb global_colors_info=\u00bb{}\u00bb button_one_text_size__hover_enabled=\u00bboff\u00bb button_two_text_size__hover_enabled=\u00bboff\u00bb button_one_text_color__hover_enabled=\u00bboff\u00bb button_two_text_color__hover_enabled=\u00bboff\u00bb button_one_border_width__hover_enabled=\u00bboff\u00bb button_two_border_width__hover_enabled=\u00bboff\u00bb button_one_border_color__hover_enabled=\u00bboff\u00bb button_two_border_color__hover_enabled=\u00bboff\u00bb button_one_border_radius__hover_enabled=\u00bbon\u00bb button_one_border_radius__hover=\u00bb0px\u00bb button_two_border_radius__hover_enabled=\u00bbon\u00bb button_two_border_radius__hover=\u00bb0px\u00bb button_one_letter_spacing__hover_enabled=\u00bboff\u00bb button_two_letter_spacing__hover_enabled=\u00bboff\u00bb button_one_bg_color__hover_enabled=\u00bboff\u00bb button_two_bg_color__hover_enabled=\u00bboff\u00bb][\/et_pb_fullwidth_header][\/et_pb_section][et_pb_section fb_built=\u00bb1&#8243; admin_label=\u00bbAbout Us\u00bb _builder_version=\u00bb4.16&#8243; custom_padding=\u00bb54px|0px|0|0px|false|false\u00bb global_colors_info=\u00bb{}\u00bb][et_pb_row _builder_version=\u00bb4.22.1&#8243; global_colors_info=\u00bb{}\u00bb][et_pb_column type=\u00bb4_4&#8243; _builder_version=\u00bb4.16&#8243; custom_padding=\u00bb|||\u00bb global_colors_info=\u00bb{}\u00bb custom_padding__hover=\u00bb|||\u00bb][et_pb_text _builder_version=\u00bb4.22.1&#8243; text_font=\u00bbUbuntu||||||||\u00bb text_text_color=\u00bb#000000&#8243; text_font_size=\u00bb15px\u00bb text_line_height=\u00bb2em\u00bb ul_font=\u00bb|700|||||||\u00bb ul_line_height=\u00bb2em\u00bb ol_font=\u00bb||||||||\u00bb header_font=\u00bb||||||||\u00bb header_2_font=\u00bbUbuntu|700|||||||\u00bb header_2_font_size=\u00bb40px\u00bb header_2_line_height=\u00bb1.4em\u00bb header_3_font=\u00bb||||||||\u00bb header_4_font=\u00bb||||||||\u00bb header_5_font=\u00bb||||||||\u00bb header_6_font=\u00bb||||||||\u00bb hover_enabled=\u00bb0&#8243; header_2_font_size_tablet=\u00bb\u00bb header_2_font_size_phone=\u00bb24px\u00bb header_2_font_size_last_edited=\u00bbon|phone\u00bb global_colors_info=\u00bb{}\u00bb sticky_enabled=\u00bb0&#8243; custom_padding=\u00bb||0px|||\u00bb]<\/p>\n<p><strong>OBJETO:<\/strong><\/p>\n<p>El objeto de la presente pol\u00edtica es informar del uso de cookies en este sitio web de acuerdo con lo establecido en la legislaci\u00f3n de los servicios de la sociedad de la informaci\u00f3n y de comercio electr\u00f3nico.<\/p>\n<p><strong>\u00bfQu\u00e9 son las Cookies y para qu\u00e9 se utilizan?<\/strong><\/p>\n<p>Las cookies, son ficheros o archivos de texto que un servidor web genera y almacena en el ordenador\/smartphone\/tablet (en adelante equipo) de un Usuario al acceder a determinadas p\u00e1ginas web, para almacenar y recuperar informaci\u00f3n sobre la navegaci\u00f3n que realiza el usuario desde dicho equipo. Tambi\u00e9n pueden consistir en un c\u00f3digo que permite identificar al Usuario inequ\u00edvocamente durante su navegaci\u00f3n. Por ello las cookies pueden almacenar informaci\u00f3n sobre el equipo de un Usuario o sobre sus sesiones de navegaci\u00f3n de los sitios web que ha visitado, tal como p\u00e1gina que visita, el tiempo de conexi\u00f3n a Internet, y otros datos seg\u00fan el tipo de cookie.<\/p>\n<p>En definitiva, el uso de cookies en la navegaci\u00f3n a trav\u00e9s del sitio web permite obtener informaci\u00f3n relativa a la navegaci\u00f3n de los usuarios; mejorar la experiencia del usuario en la navegaci\u00f3n; recoger las estad\u00edsticas de uso del sitio web por el Usuario y otras informaciones como el navegador empleado por el Usuario, el n\u00famero de p\u00e1ginas visitadas, el n\u00famero de visitas, el rastreo de los movimientos que hace el Usuario por un sitio web, el tiempo que permanece en el sitio web o en una p\u00e1gina concreta, el llenado o vaciado de la cesta de la compra, y otras informaciones; geolocalizar al Usuario mediante la geolocalizaci\u00f3n del dispositivo conectado (informaci\u00f3n sobre la regi\u00f3n y, potencialmente, datos de la localidad en algunos pa\u00edses); medir la efectividad de sus campa\u00f1as de correo electr\u00f3nico y mejorar las caracter\u00edsticas del servicio para segmentos espec\u00edficos de los usuarios y especialmente de los suscriptores de la recepci\u00f3n de comunicaciones electr\u00f3nicas comerciales publicitarias y boletines; conocer si los receptores de comunicaciones electr\u00f3nicas comerciales publicitarias y boletines han procedido a la apertura de dichas comunicaciones y el uso de los enlaces contenidos en los mismos para cada uno de los destinatarios, tal como la pulsaci\u00f3n de los enlaces contenidos en los correos, y poder elaborar con la informaci\u00f3n recabada informes de seguimiento de las campa\u00f1as.<\/p>\n<p>Este sitio web utiliza cookies, tanto propias como de terceros. M\u00e1s adelante el Usuario puede encontrar informaci\u00f3n concreta sobre las mismas.<\/p>\n<p>&nbsp;<\/p>\n<p><strong>\u00bfC\u00f3mo se autoriza el uso de las cookies en nuestro sitio web?<\/strong><\/p>\n<p>En relaci\u00f3n con el uso de cookies en este sitio web, el Usuario debe saber que nos autoriza y consiente el uso de cookies de la siguiente forma:<\/p>\n<p>Acepta el uso de las cookies utilizadas en este sitio web para las finalidades indicadas en esta pol\u00edtica seleccionando la opci\u00f3n deseada y pulsando sobre el bot\u00f3n \u201cAceptar selecci\u00f3n\u201d o para aceptar todas las cookies haciendo clic sobre el bot\u00f3n \u201cAceptar todo\u201d que se publican en la primera capa de informaci\u00f3n.<\/p>\n<p>En todo caso, pese a la aceptaci\u00f3n inicial de uso de las cookies en la navegaci\u00f3n a trav\u00e9s de nuestro sitio web, en cualquier momento el Usuario puede revocar su consentimiento, deshabilitando y rechazando su utilizaci\u00f3n, seg\u00fan se explica en el apartado correspondiente de esta pol\u00edtica, o haciendo clic sobre el bot\u00f3n Cookies al pie de cada p\u00e1gina.<\/p>\n<p>En todo caso, el Usuario tiene el control sobre las cookies, pues est\u00e1n almacenadas en el navegador de los equipos que utilizan. Por tanto, en cualquier momento el Usuario podr\u00e1 leerlas, filtrarlas, rechazarlas y eliminarlas.<\/p>\n<p>&nbsp;<\/p>\n<p><strong>\u00bfCu\u00e1les son las cookies de terceros utilizadas y la finalidad de uso en el sitio web?<\/strong><\/p>\n<table>\n<thead>\n<tr>\n<td>\n<p>&nbsp;<\/p>\n<p><strong>Soluci\u00f3n de Terceros<\/strong><\/p>\n<\/td>\n<td>\n<p>&nbsp;<\/p>\n<p><strong>Tipo\/Prop\u00f3sito<\/strong><\/p>\n<\/td>\n<td>\n<p>&nbsp;<\/p>\n<p><strong>Proveedor<\/strong><\/p>\n<\/td>\n<\/tr>\n<\/thead>\n<tbody>\n<tr>\n<td>\n<p>&nbsp;<\/p>\n<p><strong>Google Analytics<\/strong><\/p>\n<\/td>\n<td>\n<p>&nbsp;<\/p>\n<p>&nbsp;<\/p>\n<p>Ubicaci\u00f3n: Google Maps proporciona un servicio de mapas. Registra el origen del usuario y las keywords utilizadas. Genera un prefijo \u00fanico con fines anal\u00edticos. Anal\u00edticas: Google proporciona datos an\u00f3nimos sobre las visitas a la p\u00e1gina web. V\u00eddeos: Youtube permite la subida y visualizaci\u00f3n de v\u00eddeos. Utiliza cookies para medir las visualizaciones o registrar eventos. Interacci\u00f3n Social: Google permite que la informaci\u00f3n de la WEB sea compartida en su red social Google +<\/p>\n<\/td>\n<td>\n<p>&nbsp;<\/p>\n<p>&nbsp;<\/p>\n<p>Google Inc.<\/p>\n<\/td>\n<\/tr>\n<tr>\n<td>\n<p>&nbsp;<\/p>\n<p><strong>Add to any<\/strong><\/p>\n<\/td>\n<td>\n<p>&nbsp;<\/p>\n<p>&nbsp;<\/p>\n<p>Interacci\u00f3n social: Permite que la web sea compartida en redes sociales.<\/p>\n<\/td>\n<td>\n<p>&nbsp;<\/p>\n<p>&nbsp;<\/p>\n<p>AddToAny<\/p>\n<\/td>\n<\/tr>\n<tr>\n<td>\n<p>&nbsp;<\/p>\n<p><strong>AddThis<\/strong><\/p>\n<\/td>\n<td>\n<p>&nbsp;<\/p>\n<p>&nbsp;<\/p>\n<p>Herramientas Web. Interacci\u00f3n social. Addthis permite que la web sea compartida en redes sociales como Google+, Facebook, etc.<\/p>\n<\/td>\n<td>\n<p>&nbsp;<\/p>\n<p>&nbsp;<\/p>\n<p>Oracle Inc.<\/p>\n<\/td>\n<\/tr>\n<tr>\n<td>\n<p>&nbsp;<\/p>\n<p><strong>Adobe Omniture<\/strong><\/p>\n<\/td>\n<td>\n<p>&nbsp;<\/p>\n<p>&nbsp;<\/p>\n<p>Anal\u00edticas: Omniture proporciona datos an\u00f3nimos sobre las visitas a nuestra web y nos permite hacer pruebas y evaluar la mejor manera de presentar la web a nuestros usuarios.<\/p>\n<\/td>\n<td>\n<p>&nbsp;<\/p>\n<p>&nbsp;<\/p>\n<p>Adobe Systems Incorporated<\/p>\n<\/td>\n<\/tr>\n<tr>\n<td>\n<p>&nbsp;<\/p>\n<p><strong>YouTube<\/strong><\/p>\n<\/td>\n<td>\n<p>&nbsp;<\/p>\n<p>Web Video<\/p>\n<\/td>\n<td>\n<p>&nbsp;<\/p>\n<p>Google Inc.<\/p>\n<\/td>\n<\/tr>\n<tr>\n<td>\n<p>&nbsp;<\/p>\n<p><strong>Facebook<\/strong><\/p>\n<\/td>\n<td>\n<p>&nbsp;<\/p>\n<p>Facebook Like, Comments, Feed<\/p>\n<\/td>\n<td>\n<p>&nbsp;<\/p>\n<p>Facebook Inc.<\/p>\n<\/td>\n<\/tr>\n<tr>\n<td>\n<p>&nbsp;<\/p>\n<p><strong>Twitter<\/strong><\/p>\n<\/td>\n<td>\n<p>&nbsp;<\/p>\n<p>Follow Us<\/p>\n<\/td>\n<td>\n<p>&nbsp;<\/p>\n<p>Facebook Inc.<\/p>\n<\/td>\n<\/tr>\n<\/tbody>\n<\/table>\n<p>&nbsp;<\/p>\n<p>[\/et_pb_text][\/et_pb_column][\/et_pb_row][\/et_pb_section][et_pb_section fb_built=\u00bb1&#8243; _builder_version=\u00bb4.22.1&#8243; _module_preset=\u00bbdefault\u00bb global_colors_info=\u00bb{}\u00bb theme_builder_area=\u00bbpost_content\u00bb custom_padding=\u00bb||0px|||\u00bb custom_margin=\u00bb-61px|||||\u00bb][et_pb_row column_structure=\u00bb1_3,1_3,1_3&#8243; _builder_version=\u00bb4.22.1&#8243; _module_preset=\u00bbdefault\u00bb global_colors_info=\u00bb{}\u00bb theme_builder_area=\u00bbpost_content\u00bb][et_pb_column type=\u00bb1_3&#8243; _builder_version=\u00bb4.22.1&#8243; _module_preset=\u00bbdefault\u00bb global_colors_info=\u00bb{}\u00bb theme_builder_area=\u00bbpost_content\u00bb][et_pb_image src=\u00bbhttp:\/\/plenitudsocial.es\/wp-content\/uploads\/2024\/04\/logo.png\u00bb title_text=\u00bblogo\u00bb _builder_version=\u00bb4.22.1&#8243; _module_preset=\u00bbdefault\u00bb global_colors_info=\u00bb{}\u00bb theme_builder_area=\u00bbpost_content\u00bb][\/et_pb_image][\/et_pb_column][et_pb_column type=\u00bb1_3&#8243; _builder_version=\u00bb4.22.1&#8243; _module_preset=\u00bbdefault\u00bb global_colors_info=\u00bb{}\u00bb theme_builder_area=\u00bbpost_content\u00bb][et_pb_text _builder_version=\u00bb4.22.1&#8243; _module_preset=\u00bbdefault\u00bb text_font=\u00bbUbuntu||||||||\u00bb text_text_color=\u00bb#000000&#8243; text_font_size=\u00bb18px\u00bb global_colors_info=\u00bb{}\u00bb theme_builder_area=\u00bbpost_content\u00bb]<\/p>\n<p><strong>CONTACT:\u00a0<\/strong><\/p>\n<p><a href=\"tel:979 743 879\">979 743 879 \/ 610 215 879<\/a><\/p>\n<p><a href=\"mailto:plenitud@plenitudsocial.es\">plenitud@plenitudsocial.es<\/a><\/p>\n<p><a href=\"https:\/\/maps.app.goo.gl\/qmNuSk3GmxKSgrwQ9\">Street Woman Palencia, 4 low, 34002, Palencia<\/a><\/p>\n<p>[\/et_pb_text][\/et_pb_column][et_pb_column type=\u00bb1_3&#8243; _builder_version=\u00bb4.22.1&#8243; _module_preset=\u00bbdefault\u00bb global_colors_info=\u00bb{}\u00bb theme_builder_area=\u00bbpost_content\u00bb][et_pb_text _builder_version=\u00bb4.22.1&#8243; _module_preset=\u00bbdefault\u00bb text_font=\u00bbUbuntu||||||||\u00bb text_text_color=\u00bb#000000&#8243; text_font_size=\u00bb18px\u00bb global_colors_info=\u00bb{}\u00bb theme_builder_area=\u00bbpost_content\u00bb]<\/p>\n<p><strong>LEGAL LINKS:\u00a0<\/strong><\/p>\n<p><a href=\"https:\/\/plenitudsocial.es\/en\/aviso-legal\/\">Legal Notice<\/a><\/p>\n<p><a href=\"https:\/\/plenitudsocial.es\/en\/politica-de-privacidad\/\">Privacy policy <\/a><\/p>\n<p><a href=\"https:\/\/plenitudsocial.es\/en\/politica-de-cookies\/\">Cookie policy<\/a><\/p>\n<p>[\/et_pb_text][\/et_pb_column][\/et_pb_row][\/et_pb_section]<\/p>","protected":false},"excerpt":{"rendered":"<p>OBJETO: El objeto de la presente pol\u00edtica es informar del uso de cookies en este sitio web de acuerdo con lo establecido en la legislaci\u00f3n de los servicios de la sociedad de la informaci\u00f3n y de comercio electr\u00f3nico. \u00bfQu\u00e9 son las Cookies y para qu\u00e9 se utilizan? Las cookies, son ficheros o archivos de texto [&hellip;]<\/p>","protected":false},"author":1,"featured_media":0,"parent":0,"menu_order":0,"comment_status":"closed","ping_status":"closed","template":"","meta":{"_et_pb_use_builder":"on","_et_pb_old_content":"","_et_gb_content_width":"","footnotes":""},"class_list":["post-3478","page","type-page","status-publish","hentry"],"yoast_head":"<!-- This site is optimized with the Yoast SEO plugin v25.3.1 - https:\/\/yoast.com\/wordpress\/plugins\/seo\/ -->\n<title>Pol\u00edtica de Cookies - Plenitud Social<\/title>\n<meta name=\"robots\" content=\"index, follow, max-snippet:-1, max-image-preview:large, max-video-preview:-1\" \/>\n<link rel=\"canonical\" href=\"https:\/\/plenitudsocial.es\/en\/politica-de-cookies\/\" \/>\n<meta property=\"og:locale\" content=\"en_GB\" \/>\n<meta property=\"og:type\" content=\"article\" \/>\n<meta property=\"og:title\" content=\"Pol\u00edtica de Cookies - Plenitud Social\" \/>\n<meta property=\"og:description\" content=\"OBJETO: El objeto de la presente pol\u00edtica es informar del uso de cookies en este sitio web de acuerdo con lo establecido en la legislaci\u00f3n de los servicios de la sociedad de la informaci\u00f3n y de comercio electr\u00f3nico. \u00bfQu\u00e9 son las Cookies y para qu\u00e9 se utilizan? Las cookies, son ficheros o archivos de texto [&hellip;]\" \/>\n<meta property=\"og:url\" content=\"https:\/\/plenitudsocial.es\/en\/politica-de-cookies\/\" \/>\n<meta property=\"og:site_name\" content=\"Plenitud Social\" \/>\n<meta property=\"article:modified_time\" content=\"2024-04-15T10:08:42+00:00\" \/>\n<meta name=\"twitter:card\" content=\"summary_large_image\" \/>\n<meta name=\"twitter:label1\" content=\"Estimated reading time\" \/>\n\t<meta name=\"twitter:data1\" content=\"8 minutes\" \/>\n<script type=\"application\/ld+json\" class=\"yoast-schema-graph\">{\"@context\":\"https:\/\/schema.org\",\"@graph\":[{\"@type\":\"WebPage\",\"@id\":\"https:\/\/plenitudsocial.es\/politica-de-cookies\/\",\"url\":\"https:\/\/plenitudsocial.es\/politica-de-cookies\/\",\"name\":\"Pol\u00edtica de Cookies - Plenitud Social\",\"isPartOf\":{\"@id\":\"http:\/\/plenitudsocial.es\/#website\"},\"datePublished\":\"2024-04-15T09:49:46+00:00\",\"dateModified\":\"2024-04-15T10:08:42+00:00\",\"breadcrumb\":{\"@id\":\"https:\/\/plenitudsocial.es\/politica-de-cookies\/#breadcrumb\"},\"inLanguage\":\"en-GB\",\"potentialAction\":[{\"@type\":\"ReadAction\",\"target\":[\"https:\/\/plenitudsocial.es\/politica-de-cookies\/\"]}]},{\"@type\":\"BreadcrumbList\",\"@id\":\"https:\/\/plenitudsocial.es\/politica-de-cookies\/#breadcrumb\",\"itemListElement\":[{\"@type\":\"ListItem\",\"position\":1,\"name\":\"Portada\",\"item\":\"http:\/\/plenitudsocial.es\/\"},{\"@type\":\"ListItem\",\"position\":2,\"name\":\"Pol\u00edtica de Cookies\"}]},{\"@type\":\"WebSite\",\"@id\":\"http:\/\/plenitudsocial.es\/#website\",\"url\":\"http:\/\/plenitudsocial.es\/\",\"name\":\"Plenitud Social\",\"description\":\"Plenitud Social es una empresa dedicada al cuidado de las personas dependientes que necesitan una atenci\u00f3n personalizada y continuada.\",\"potentialAction\":[{\"@type\":\"SearchAction\",\"target\":{\"@type\":\"EntryPoint\",\"urlTemplate\":\"http:\/\/plenitudsocial.es\/?s={search_term_string}\"},\"query-input\":{\"@type\":\"PropertyValueSpecification\",\"valueRequired\":true,\"valueName\":\"search_term_string\"}}],\"inLanguage\":\"en-GB\"}]}<\/script>\n<!-- \/ Yoast SEO plugin. -->","yoast_head_json":{"title":"Pol\u00edtica de Cookies - Plenitud Social","robots":{"index":"index","follow":"follow","max-snippet":"max-snippet:-1","max-image-preview":"max-image-preview:large","max-video-preview":"max-video-preview:-1"},"canonical":"https:\/\/plenitudsocial.es\/en\/politica-de-cookies\/","og_locale":"en_GB","og_type":"article","og_title":"Pol\u00edtica de Cookies - Plenitud Social","og_description":"OBJETO: El objeto de la presente pol\u00edtica es informar del uso de cookies en este sitio web de acuerdo con lo establecido en la legislaci\u00f3n de los servicios de la sociedad de la informaci\u00f3n y de comercio electr\u00f3nico. \u00bfQu\u00e9 son las Cookies y para qu\u00e9 se utilizan? Las cookies, son ficheros o archivos de texto [&hellip;]","og_url":"https:\/\/plenitudsocial.es\/en\/politica-de-cookies\/","og_site_name":"Plenitud Social","article_modified_time":"2024-04-15T10:08:42+00:00","twitter_card":"summary_large_image","twitter_misc":{"Estimated reading time":"8 minutes"},"schema":{"@context":"https:\/\/schema.org","@graph":[{"@type":"WebPage","@id":"https:\/\/plenitudsocial.es\/politica-de-cookies\/","url":"https:\/\/plenitudsocial.es\/politica-de-cookies\/","name":"Pol\u00edtica de Cookies - Plenitud Social","isPartOf":{"@id":"http:\/\/plenitudsocial.es\/#website"},"datePublished":"2024-04-15T09:49:46+00:00","dateModified":"2024-04-15T10:08:42+00:00","breadcrumb":{"@id":"https:\/\/plenitudsocial.es\/politica-de-cookies\/#breadcrumb"},"inLanguage":"en-GB","potentialAction":[{"@type":"ReadAction","target":["https:\/\/plenitudsocial.es\/politica-de-cookies\/"]}]},{"@type":"BreadcrumbList","@id":"https:\/\/plenitudsocial.es\/politica-de-cookies\/#breadcrumb","itemListElement":[{"@type":"ListItem","position":1,"name":"Portada","item":"http:\/\/plenitudsocial.es\/"},{"@type":"ListItem","position":2,"name":"Pol\u00edtica de Cookies"}]},{"@type":"WebSite","@id":"http:\/\/plenitudsocial.es\/#website","url":"http:\/\/plenitudsocial.es\/","name":"Plenitud Social","description":"Plenitud Social es una empresa dedicada al cuidado de las personas dependientes que necesitan una atenci\u00f3n personalizada y continuada.","potentialAction":[{"@type":"SearchAction","target":{"@type":"EntryPoint","urlTemplate":"http:\/\/plenitudsocial.es\/?s={search_term_string}"},"query-input":{"@type":"PropertyValueSpecification","valueRequired":true,"valueName":"search_term_string"}}],"inLanguage":"en-GB"}]}},"_links":{"self":[{"href":"https:\/\/plenitudsocial.es\/en\/wp-json\/wp\/v2\/pages\/3478","targetHints":{"allow":["GET"]}}],"collection":[{"href":"https:\/\/plenitudsocial.es\/en\/wp-json\/wp\/v2\/pages"}],"about":[{"href":"https:\/\/plenitudsocial.es\/en\/wp-json\/wp\/v2\/types\/page"}],"author":[{"embeddable":true,"href":"https:\/\/plenitudsocial.es\/en\/wp-json\/wp\/v2\/users\/1"}],"replies":[{"embeddable":true,"href":"https:\/\/plenitudsocial.es\/en\/wp-json\/wp\/v2\/comments?post=3478"}],"version-history":[{"count":6,"href":"https:\/\/plenitudsocial.es\/en\/wp-json\/wp\/v2\/pages\/3478\/revisions"}],"predecessor-version":[{"id":3496,"href":"https:\/\/plenitudsocial.es\/en\/wp-json\/wp\/v2\/pages\/3478\/revisions\/3496"}],"wp:attachment":[{"href":"https:\/\/plenitudsocial.es\/en\/wp-json\/wp\/v2\/media?parent=3478"}],"curies":[{"name":"wp","href":"https:\/\/api.w.org\/{rel}","templated":true}]}}